{"id":808,"date":"2021-01-14T11:14:23","date_gmt":"2021-01-14T11:14:23","guid":{"rendered":"https:\/\/morami.cambiamarketing.it\/?page_id=808"},"modified":"2023-10-19T14:22:27","modified_gmt":"2023-10-19T14:22:27","slug":"contatti","status":"publish","type":"page","link":"https:\/\/morami.it\/fr\/contatti\/","title":{"rendered":"CONTACTS"},"content":{"rendered":"<div data-elementor-type=\"wp-page\" data-elementor-id=\"808\" class=\"elementor elementor-808\">\n\t\t\t\t\t\t<div class=\"elementor-inner\">\n\t\t\t\t<div class=\"elementor-section-wrap\">\n\t\t\t\t\t\t\t\t\t<section class=\"elementor-section elementor-top-section elementor-element elementor-element-2ae2e05 elementor-section-height-min-height elementor-section-content-middle elementor-reverse-mobile elementor-section-boxed elementor-section-height-default elementor-section-items-middle\" data-id=\"2ae2e05\" data-element_type=\"section\" data-settings=\"{&quot;background_background&quot;:&quot;classic&quot;}\">\n\t\t\t\t\t\t\t<div class=\"elementor-background-overlay\"><\/div>\n\t\t\t\t\t\t\t<div class=\"elementor-container elementor-column-gap-no\">\n\t\t\t\t\t\t\t<div class=\"elementor-row\">\n\t\t\t\t\t<div class=\"elementor-column elementor-col-50 elementor-top-column elementor-element elementor-element-b9570c7\" data-id=\"b9570c7\" data-element_type=\"column\">\n\t\t\t<div class=\"elementor-column-wrap elementor-element-populated\">\n\t\t\t\t\t\t\t<div class=\"elementor-widget-wrap\">\n\t\t\t\t\t\t<div class=\"elementor-element elementor-element-19763d1 elementor-widget elementor-widget-heading\" data-id=\"19763d1\" data-element_type=\"widget\" data-widget_type=\"heading.default\">\n\t\t\t\t<div class=\"elementor-widget-container\">\n\t\t\t<h2 class=\"elementor-heading-title elementor-size-default\">Umbria<\/h2>\t\t<\/div>\n\t\t\t\t<\/div>\n\t\t\t\t<div class=\"elementor-element elementor-element-b65eac2 elementor-widget elementor-widget-heading\" data-id=\"b65eac2\" data-element_type=\"widget\" data-widget_type=\"heading.default\">\n\t\t\t\t<div class=\"elementor-widget-container\">\n\t\t\t<h2 class=\"elementor-heading-title elementor-size-default\">Venez au Morami<\/h2>\t\t<\/div>\n\t\t\t\t<\/div>\n\t\t\t\t<div class=\"elementor-element elementor-element-f6a866b elementor-widget elementor-widget-spacer\" data-id=\"f6a866b\" data-element_type=\"widget\" data-widget_type=\"spacer.default\">\n\t\t\t\t<div class=\"elementor-widget-container\">\n\t\t\t\t\t<div class=\"elementor-spacer\">\n\t\t\t<div class=\"elementor-spacer-inner\"><\/div>\n\t\t<\/div>\n\t\t\t\t<\/div>\n\t\t\t\t<\/div>\n\t\t\t\t\t\t<\/div>\n\t\t\t\t\t<\/div>\n\t\t<\/div>\n\t\t\t\t<div class=\"elementor-column elementor-col-50 elementor-top-column elementor-element elementor-element-67051ad\" data-id=\"67051ad\" data-element_type=\"column\">\n\t\t\t<div class=\"elementor-column-wrap\">\n\t\t\t\t\t\t\t<div class=\"elementor-widget-wrap\">\n\t\t\t\t\t\t\t\t<\/div>\n\t\t\t\t\t<\/div>\n\t\t<\/div>\n\t\t\t\t\t\t\t\t<\/div>\n\t\t\t\t\t<\/div>\n\t\t<\/section>\n\t\t\t\t<section class=\"elementor-section elementor-top-section elementor-element elementor-element-61315f36 elementor-section-content-middle elementor-section-boxed elementor-section-height-default elementor-section-height-default\" data-id=\"61315f36\" data-element_type=\"section\" id=\"contatti\">\n\t\t\t\t\t\t<div class=\"elementor-container elementor-column-gap-no\">\n\t\t\t\t\t\t\t<div class=\"elementor-row\">\n\t\t\t\t\t<div class=\"elementor-column elementor-col-100 elementor-top-column elementor-element elementor-element-63ea2b41\" data-id=\"63ea2b41\" data-element_type=\"column\">\n\t\t\t<div class=\"elementor-column-wrap elementor-element-populated\">\n\t\t\t\t\t\t\t<div class=\"elementor-widget-wrap\">\n\t\t\t\t\t\t<section class=\"elementor-section elementor-inner-section elementor-element elementor-element-28b0cccf elementor-section-content-middle elementor-section-boxed elementor-section-height-default elementor-section-height-default\" data-id=\"28b0cccf\" data-element_type=\"section\">\n\t\t\t\t\t\t<div class=\"elementor-container elementor-column-gap-no\">\n\t\t\t\t\t\t\t<div class=\"elementor-row\">\n\t\t\t\t\t<div class=\"elementor-column elementor-col-50 elementor-inner-column elementor-element elementor-element-15bdcfda\" data-id=\"15bdcfda\" data-element_type=\"column\">\n\t\t\t<div class=\"elementor-column-wrap elementor-element-populated\">\n\t\t\t\t\t\t\t<div class=\"elementor-widget-wrap\">\n\t\t\t\t\t\t<div class=\"elementor-element elementor-element-badc016 elementor-widget elementor-widget-heading\" data-id=\"badc016\" data-element_type=\"widget\" data-widget_type=\"heading.default\">\n\t\t\t\t<div class=\"elementor-widget-container\">\n\t\t\t<h2 class=\"elementor-heading-title elementor-size-default\">Vin morami<br>la ferme<\/h2>\t\t<\/div>\n\t\t\t\t<\/div>\n\t\t\t\t<div class=\"elementor-element elementor-element-5671929 elementor-widget elementor-widget-spacer\" data-id=\"5671929\" data-element_type=\"widget\" data-widget_type=\"spacer.default\">\n\t\t\t\t<div class=\"elementor-widget-container\">\n\t\t\t\t\t<div class=\"elementor-spacer\">\n\t\t\t<div class=\"elementor-spacer-inner\"><\/div>\n\t\t<\/div>\n\t\t\t\t<\/div>\n\t\t\t\t<\/div>\n\t\t\t\t<div class=\"elementor-element elementor-element-63331457 elementor-widget elementor-widget-heading\" data-id=\"63331457\" data-element_type=\"widget\" data-widget_type=\"heading.default\">\n\t\t\t\t<div class=\"elementor-widget-container\">\n\t\t\t<h6 class=\"elementor-heading-title elementor-size-default\"><a href=\"tel:+390759589107\">Telephon: +39 075 958 9107<\/a><\/h6>\t\t<\/div>\n\t\t\t\t<\/div>\n\t\t\t\t<div class=\"elementor-element elementor-element-65cbb2c6 elementor-widget elementor-widget-heading\" data-id=\"65cbb2c6\" data-element_type=\"widget\" data-widget_type=\"heading.default\">\n\t\t\t\t<div class=\"elementor-widget-container\">\n\t\t\t<h6 class=\"elementor-heading-title elementor-size-default\"><a href=\"mailto:wine@morami.it\">Email:  wine@morami.it<\/a><\/h6>\t\t<\/div>\n\t\t\t\t<\/div>\n\t\t\t\t<div class=\"elementor-element elementor-element-347acce elementor-widget elementor-widget-heading\" data-id=\"347acce\" data-element_type=\"widget\" data-widget_type=\"heading.default\">\n\t\t\t\t<div class=\"elementor-widget-container\">\n\t\t\t<h6 class=\"elementor-heading-title elementor-size-default\"><a href=\"https:\/\/wa.me\/393453992933\">whatsapp:  +39 345 39 92 933 <\/a><\/h6>\t\t<\/div>\n\t\t\t\t<\/div>\n\t\t\t\t<div class=\"elementor-element elementor-element-71f5a043 elementor-widget elementor-widget-heading\" data-id=\"71f5a043\" data-element_type=\"widget\" data-widget_type=\"heading.default\">\n\t\t\t\t<div class=\"elementor-widget-container\">\n\t\t\t<h6 class=\"elementor-heading-title elementor-size-default\">Voc. Morami - Panicarola 06060<br>Castiglione del Lago (PG)<\/h6>\t\t<\/div>\n\t\t\t\t<\/div>\n\t\t\t\t<div class=\"elementor-element elementor-element-23abf88a e-grid-align-left elementor-shape-rounded elementor-grid-0 elementor-widget elementor-widget-social-icons\" data-id=\"23abf88a\" data-element_type=\"widget\" data-widget_type=\"social-icons.default\">\n\t\t\t\t<div class=\"elementor-widget-container\">\n\t\t\t\t\t<div class=\"elementor-social-icons-wrapper elementor-grid\">\n\t\t\t\t\t\t\t<span class=\"elementor-grid-item\">\n\t\t\t\t\t<a class=\"elementor-icon elementor-social-icon elementor-social-icon-facebook-f elementor-animation-grow elementor-repeater-item-2d0da0c\" href=\"https:\/\/www.facebook.com\/cantinamorami\/?fref=ts\" target=\"_blank\">\n\t\t\t\t\t\t<span class=\"elementor-screen-only\">Facebook-f<\/span>\n\t\t\t\t\t\t<i class=\"fab fa-facebook-f\"><\/i>\t\t\t\t\t<\/a>\n\t\t\t\t<\/span>\n\t\t\t\t\t\t\t<span class=\"elementor-grid-item\">\n\t\t\t\t\t<a class=\"elementor-icon elementor-social-icon elementor-social-icon-instagram elementor-animation-grow elementor-repeater-item-914746e\" href=\"https:\/\/www.instagram.com\/morami_wine\/?hl=it\" target=\"_blank\">\n\t\t\t\t\t\t<span class=\"elementor-screen-only\">Instagram<\/span>\n\t\t\t\t\t\t<i class=\"fab fa-instagram\"><\/i>\t\t\t\t\t<\/a>\n\t\t\t\t<\/span>\n\t\t\t\t\t\t\t<span class=\"elementor-grid-item\">\n\t\t\t\t\t<a class=\"elementor-icon elementor-social-icon elementor-social-icon-tripadvisor elementor-animation-grow elementor-repeater-item-6035fd3\" href=\"https:\/\/www.tripadvisor.it\/Hotel_Review-g3656372-d7093925-Reviews-Morami-Panicarola_Castiglione_del_Lago_Province_of_Perugia_Umbria.html\" target=\"_blank\">\n\t\t\t\t\t\t<span class=\"elementor-screen-only\">Tripadvisor<\/span>\n\t\t\t\t\t\t<i class=\"fab fa-tripadvisor\"><\/i>\t\t\t\t\t<\/a>\n\t\t\t\t<\/span>\n\t\t\t\t\t<\/div>\n\t\t\t\t<\/div>\n\t\t\t\t<\/div>\n\t\t\t\t\t\t<\/div>\n\t\t\t\t\t<\/div>\n\t\t<\/div>\n\t\t\t\t<div class=\"elementor-column elementor-col-50 elementor-inner-column elementor-element elementor-element-7e6bba13\" data-id=\"7e6bba13\" data-element_type=\"column\">\n\t\t\t<div class=\"elementor-column-wrap elementor-element-populated\">\n\t\t\t\t\t\t\t<div class=\"elementor-widget-wrap\">\n\t\t\t\t\t\t<div class=\"elementor-element elementor-element-dbdf605 elementor-widget elementor-widget-shortcode\" data-id=\"dbdf605\" data-element_type=\"widget\" data-widget_type=\"shortcode.default\">\n\t\t\t\t<div class=\"elementor-widget-container\">\n\t\t\t\t\t<div class=\"elementor-shortcode\"><div role=\"form\" class=\"wpcf7\" id=\"wpcf7-f834-o1\" lang=\"it-IT\" dir=\"ltr\">\n<div class=\"screen-reader-response\"><p role=\"status\" aria-live=\"polite\" aria-atomic=\"true\"><\/p> <ul><\/ul><\/div>\n<form action=\"\/fr\/wp-json\/wp\/v2\/pages\/808#wpcf7-f834-o1\" method=\"post\" class=\"wpcf7-form init\" novalidate=\"novalidate\" data-status=\"init\" data-trp-original-action=\"\/fr\/wp-json\/wp\/v2\/pages\/808#wpcf7-f834-o1\">\n<div style=\"display: none;\">\n<input type=\"hidden\" name=\"_wpcf7\" value=\"834\" \/>\n<input type=\"hidden\" name=\"_wpcf7_version\" value=\"5.6.4\" \/>\n<input type=\"hidden\" name=\"_wpcf7_locale\" value=\"it_IT\" \/>\n<input type=\"hidden\" name=\"_wpcf7_unit_tag\" value=\"wpcf7-f834-o1\" \/>\n<input type=\"hidden\" name=\"_wpcf7_container_post\" value=\"0\" \/>\n<input type=\"hidden\" name=\"_wpcf7_posted_data_hash\" value=\"\" \/>\n<input type=\"hidden\" name=\"_wpcf7_recaptcha_response\" value=\"\" \/>\n<\/div>\n<p><span class=\"wpcf7-form-control-wrap\" data-name=\"Nome\"><input type=\"text\" name=\"Nome\" value=\"\" size=\"40\" class=\"wpcf7-form-control wpcf7-text wpcf7-validates-as-required\" aria-required=\"true\" aria-invalid=\"false\" placeholder=\"Entrez votre nom et pr\u00e9nom\" \/><\/span><\/p>\n<p><span class=\"wpcf7-form-control-wrap\" data-name=\"Email\"><input type=\"email\" name=\"Email\" value=\"\" size=\"40\" class=\"wpcf7-form-control wpcf7-text wpcf7-email wpcf7-validates-as-required wpcf7-validates-as-email\" aria-required=\"true\" aria-invalid=\"false\" placeholder=\"Entrez votre meilleur email\" \/><\/span><\/p>\n<p><span class=\"wpcf7-form-control-wrap\" data-name=\"Tel\"><input type=\"tel\" name=\"Tel\" value=\"\" size=\"40\" class=\"wpcf7-form-control wpcf7-text wpcf7-tel wpcf7-validates-as-required wpcf7-validates-as-tel\" aria-required=\"true\" aria-invalid=\"false\" placeholder=\"Entrez votre num\u00e9ro de t\u00e9l\u00e9phone\" \/><\/span><\/p>\n<p><span class=\"wpcf7-form-control-wrap\" data-name=\"date-396\"><input type=\"date\" name=\"date-396\" value=\"\" class=\"wpcf7-form-control wpcf7-date wpcf7-validates-as-required wpcf7-validates-as-date\" aria-required=\"true\" aria-invalid=\"false\" placeholder=\"Data di arrivo\" \/><\/span><\/p>\n<p><span class=\"wpcf7-form-control-wrap\" data-name=\"date-955\"><input type=\"date\" name=\"date-955\" value=\"\" class=\"wpcf7-form-control wpcf7-date wpcf7-validates-as-required wpcf7-validates-as-date\" aria-required=\"true\" aria-invalid=\"false\" placeholder=\"Data di partenza\" \/><\/span><\/p>\n<p><span class=\"wpcf7-form-control-wrap\" data-name=\"Appartamento\"><select name=\"Appartamento\" class=\"wpcf7-form-control wpcf7-select\" aria-invalid=\"false\"><option value=\"Seleziona appartamento\">S\u00e9lectionnez l'appartement<\/option><option value=\"Cabernet\">Cabernet<\/option><option value=\"Sangiovese\">Sangiovese<\/option><option value=\"Alicante\">Alicante<\/option><option value=\"Chardonnay\">Chardonnay<\/option><option value=\"Merlot\">Merlot<\/option><option value=\"Sauvignon\">Sauvignon<\/option><option value=\"Semillion\">Semillion<\/option><option value=\"Viogner\">Viogner<\/option><\/select><\/span><\/p>\n<p><span class=\"wpcf7-form-control-wrap\" data-name=\"Winetasting\"><span class=\"wpcf7-form-control wpcf7-acceptance optional\"><span class=\"wpcf7-list-item\"><label><input type=\"checkbox\" name=\"Winetasting\" value=\"1\" aria-invalid=\"false\" \/><span class=\"wpcf7-list-item-label\">Vous demandez une exp\u00e9rience <span style=\"color:#CE3D17\"> D\u00e9gustation de vins<\/span><\/span><\/label><\/span><\/span><\/span><\/p>\n<p><span class=\"wpcf7-form-control-wrap\" data-name=\"messaggio\"><textarea name=\"messaggio\" cols=\"40\" rows=\"10\" class=\"wpcf7-form-control wpcf7-textarea wpcf7-validates-as-required\" aria-required=\"true\" aria-invalid=\"false\" placeholder=\"Entrez votre message ici ...\"><\/textarea><\/span><\/p>\n<div class=\"col-md-12 flex\">\n<div class=\"col-md-6 lunghezza2\">\n<div style=\"height: 10px\"><\/div>\n<p><span class=\"wpcf7-form-control-wrap\" data-name=\"accettazione\"><span class=\"wpcf7-form-control wpcf7-acceptance\"><span class=\"wpcf7-list-item\"><label><input type=\"checkbox\" name=\"accettazione\" value=\"1\" aria-invalid=\"false\" \/><span class=\"wpcf7-list-item-label\"><span class=\"ppc\"> Je donne mon accord pour le traitement de mes donn\u00e9es personnelles \u00e0 des fins commerciales conform\u00e9ment au nouveau r\u00e8glement de l'UE 2016\/679 et j'accepte les.<\/span> <a href=\"https:\/\/morami.it\/fr\/privacy-policy\/\" target=\"_blank\">Privacy Policy<\/a><\/span><\/label><\/span><\/span><\/span><\/p>\n<\/div>\n<div class=\"col-md-6 lunghezza\">\n<input type=\"submit\" value=\"ENVOYEZ VOTRE DEMANDE\" class=\"wpcf7-form-control has-spinner wpcf7-submit bottone-form\" \/><\/p>\n<\/div>\n<\/div>\n<input type=\"hidden\" id=\"ct_checkjs_cf7_28dd2c7955ce926456240b2ff0100bde\" name=\"ct_checkjs_cf7\" value=\"0\" \/><input \n        id=\"apbct__email_id__wp_contact_form_7_63468\" \n        class=\"apbct_special_field apbct__email_id__wp_contact_form_7\"\n        autocomplete=\"off\" \n        name=\"apbct__email_id__wp_contact_form_7_63468\"  \n        type=\"text\" \n        value=\"\" \n        size=\"30\" \n        maxlength=\"200\" \n    \/><input \n        id=\"apbct_event_id\"\n        class=\"apbct_special_field\"\n        name=\"apbct_event_id\"\n        type=\"hidden\" \n        value=\"63468\" \n            \/><div class=\"wpcf7-response-output\" aria-hidden=\"true\"><\/div><input type=\"hidden\" name=\"trp-form-language\" value=\"fr\"\/><\/form><\/div><\/div>\n\t\t\t\t<\/div>\n\t\t\t\t<\/div>\n\t\t\t\t\t\t<\/div>\n\t\t\t\t\t<\/div>\n\t\t<\/div>\n\t\t\t\t\t\t\t\t<\/div>\n\t\t\t\t\t<\/div>\n\t\t<\/section>\n\t\t\t\t\t\t<\/div>\n\t\t\t\t\t<\/div>\n\t\t<\/div>\n\t\t\t\t\t\t\t\t<\/div>\n\t\t\t\t\t<\/div>\n\t\t<\/section>\n\t\t\t\t<section class=\"elementor-section elementor-top-section elementor-element elementor-element-4b7ac6de elementor-section-full_width elementor-section-height-default elementor-section-height-default\" data-id=\"4b7ac6de\" data-element_type=\"section\">\n\t\t\t\t\t\t<div class=\"elementor-container elementor-column-gap-no\">\n\t\t\t\t\t\t\t<div class=\"elementor-row\">\n\t\t\t\t\t<div class=\"elementor-column elementor-col-100 elementor-top-column elementor-element elementor-element-6cde10b9\" data-id=\"6cde10b9\" data-element_type=\"column\">\n\t\t\t<div class=\"elementor-column-wrap elementor-element-populated\">\n\t\t\t\t\t\t\t<div class=\"elementor-widget-wrap\">\n\t\t\t\t\t\t<div class=\"elementor-element elementor-element-7c49c74e elementor-widget elementor-widget-google_maps\" data-id=\"7c49c74e\" data-element_type=\"widget\" data-widget_type=\"google_maps.default\">\n\t\t\t\t<div class=\"elementor-widget-container\">\n\t\t\t\t\t<div class=\"elementor-custom-embed\">\n\t\t\t<iframe loading=\"lazy\"\n\t\t\t\t\tsrc=\"https:\/\/maps.google.com\/maps?q=Voc.%20Morami%20-%20Panicarola%2006060%20Castiglione%20del%20Lago%20%28PG%29&#038;t=m&#038;z=16&#038;output=embed&#038;iwloc=near\"\n\t\t\t\t\ttitle=\"Voc. Morami - Panicarola 06060 Castiglione del Lago (PG)\"\n\t\t\t\t\taria-label=\"Voc. Morami - Panicarola 06060 Castiglione del Lago (PG)\"\n\t\t\t><\/iframe>\n\t\t<\/div>\n\t\t\t\t<\/div>\n\t\t\t\t<\/div>\n\t\t\t\t\t\t<\/div>\n\t\t\t\t\t<\/div>\n\t\t<\/div>\n\t\t\t\t\t\t\t\t<\/div>\n\t\t\t\t\t<\/div>\n\t\t<\/section>\n\t\t\t\t\t\t\t\t\t<\/div>\n\t\t\t<\/div>\n\t\t\t\t\t<\/div>","protected":false},"excerpt":{"rendered":"<p>Umbria Vieni ai Morami Morami WineAgriturismo Telefono: +39 075 958 9107 Email: wine@morami.it whatsapp: +39 345 39 92 933 Voc. Morami &#8211; Panicarola 06060Castiglione del Lago (PG) Facebook-f Instagram Tripadvisor<\/p>","protected":false},"author":1,"featured_media":0,"parent":0,"menu_order":0,"comment_status":"closed","ping_status":"closed","template":"elementor_header_footer","meta":[],"_links":{"self":[{"href":"https:\/\/morami.it\/fr\/wp-json\/wp\/v2\/pages\/808"}],"collection":[{"href":"https:\/\/morami.it\/fr\/wp-json\/wp\/v2\/pages"}],"about":[{"href":"https:\/\/morami.it\/fr\/wp-json\/wp\/v2\/types\/page"}],"author":[{"embeddable":true,"href":"https:\/\/morami.it\/fr\/wp-json\/wp\/v2\/users\/1"}],"replies":[{"embeddable":true,"href":"https:\/\/morami.it\/fr\/wp-json\/wp\/v2\/comments?post=808"}],"version-history":[{"count":96,"href":"https:\/\/morami.it\/fr\/wp-json\/wp\/v2\/pages\/808\/revisions"}],"predecessor-version":[{"id":29938,"href":"https:\/\/morami.it\/fr\/wp-json\/wp\/v2\/pages\/808\/revisions\/29938"}],"wp:attachment":[{"href":"https:\/\/morami.it\/fr\/wp-json\/wp\/v2\/media?parent=808"}],"curies":[{"name":"wp","href":"https:\/\/api.w.org\/{rel}","templated":true}]}}